{"id":20188,"date":"2023-11-30T09:16:16","date_gmt":"2023-11-30T07:16:16","guid":{"rendered":"https:\/\/www.egaraexclusives.com\/?post_type=product&#038;p=20188"},"modified":"2026-03-27T16:11:34","modified_gmt":"2026-03-27T14:11:34","slug":"viladrau-1l-vidre-retornable","status":"publish","type":"product","link":"https:\/\/www.egaraexclusives.com\/es\/producto\/viladrau-1l-vidre-retornable\/","title":{"rendered":"VILADRAU 1L RET."},"content":{"rendered":"","protected":false},"excerpt":{"rendered":"<p>A la primera compra d&#8217;un producte amb env\u00e0s retornable s&#8217;aplicar\u00e0 un c\u00e0rrec com a dip\u00f2sit d&#8217;aquest env\u00e0s. Aquest import s&#8217;abonar\u00e0 quan es tornin els envasos, en el cas que vulguis seguir consumint el producte simplement et recollirem els envasos buits i te&#8217;ls canviarem pels plens.<\/p>\n","protected":false},"featured_media":20178,"template":"","meta":{"_monsterinsights_skip_tracking":false,"_monsterinsights_sitenote_active":false,"_monsterinsights_sitenote_note":"","_monsterinsights_sitenote_category":0,"_joinchat":[]},"product_brand":[],"product_cat":[2743,2775,276],"product_tag":[3411,2885],"class_list":{"0":"post-20188","1":"product","2":"type-product","3":"status-publish","4":"has-post-thumbnail","6":"product_cat-aguas","7":"product_cat-retornables","8":"product_cat-venta-domicilio","9":"product_tag-caixa-envasos-viladrau-es","10":"product_tag-retornables-es","11":"tm-has-options","13":"first","14":"instock","15":"taxable","16":"shipping-taxable","17":"purchasable","18":"product-type-simple"},"_links":{"self":[{"href":"https:\/\/www.egaraexclusives.com\/es\/wp-json\/wp\/v2\/product\/20188","targetHints":{"allow":["GET"]}}],"collection":[{"href":"https:\/\/www.egaraexclusives.com\/es\/wp-json\/wp\/v2\/product"}],"about":[{"href":"https:\/\/www.egaraexclusives.com\/es\/wp-json\/wp\/v2\/types\/product"}],"wp:featuredmedia":[{"embeddable":true,"href":"https:\/\/www.egaraexclusives.com\/es\/wp-json\/wp\/v2\/media\/20178"}],"wp:attachment":[{"href":"https:\/\/www.egaraexclusives.com\/es\/wp-json\/wp\/v2\/media?parent=20188"}],"wp:term":[{"taxonomy":"product_brand","embeddable":true,"href":"https:\/\/www.egaraexclusives.com\/es\/wp-json\/wp\/v2\/product_brand?post=20188"},{"taxonomy":"product_cat","embeddable":true,"href":"https:\/\/www.egaraexclusives.com\/es\/wp-json\/wp\/v2\/product_cat?post=20188"},{"taxonomy":"product_tag","embeddable":true,"href":"https:\/\/www.egaraexclusives.com\/es\/wp-json\/wp\/v2\/product_tag?post=20188"}],"curies":[{"name":"wp","href":"https:\/\/api.w.org\/{rel}","templated":true}]}}